{"id":3,"date":"2025-04-01T10:31:23","date_gmt":"2025-04-01T08:31:23","guid":{"rendered":"https:\/\/asbuiltcheck.com\/home\/"},"modified":"2025-05-16T14:09:21","modified_gmt":"2025-05-16T12:09:21","slug":"startseite","status":"publish","type":"page","link":"https:\/\/asbuiltcheck.com\/de\/","title":{"rendered":"Startseite"},"content":{"rendered":"<div class=\"wp-block-group alignfull is-style-section-default has-global-padding is-content-justification-center is-layout-constrained wp-container-core-group-is-layout-78c35d76 wp-block-group-is-layout-constrained\" id=\"intro-section\" style=\"margin-top:0;margin-bottom:0;padding-top:var(--wp--preset--spacing--50);padding-bottom:var(--wp--preset--spacing--50)\">\n<div class=\"wp-block-columns alignwide is-layout-flex wp-container-core-columns-is-layout-a2e1813e wp-block-columns-is-layout-flex\">\n<div class=\"wp-block-column is-vertically-aligned-center is-layout-flow wp-block-column-is-layout-flow\">\n<div class=\"wp-block-group alignwide has-global-padding is-content-justification-left is-layout-constrained wp-container-core-group-is-layout-99f3e915 wp-block-group-is-layout-constrained\">\n<h2 class=\"wp-block-heading\">Zuverl\u00e4ssige Versorgungsdaten<\/h2>\n\n\n\n<div class=\"wp-block-group is-nowrap is-layout-flex wp-container-core-group-is-layout-930d3512 wp-block-group-is-layout-flex\">\n<p class=\"wp-block-paragraph\">AsBuiltCheck.com bietet <mark style=\"background-color:rgba(0, 0, 0, 0)\" class=\"has-inline-color has-theme-4-color\"><strong>n\u00e4chster -tag<\/strong>&nbsp;<strong>Qualit\u00e4tsbewertung und -kontrolle<\/strong><\/mark><strong><em>&nbsp;<\/em><\/strong>Berichte \u00fcber Kartierungsdaten von Versorgungsunternehmen<\/p>\n<\/div>\n\n\n\n<div class=\"wp-block-buttons is-layout-flex wp-block-buttons-is-layout-flex\">\n<div class=\"wp-block-button\"><a class=\"wp-block-button__link wp-element-button\" href=\"https:\/\/asbuiltcheck.com\/de\/asbuiltcheck-fur-gemeinden\/\">F\u00fcr Gemeinden <\/a><\/div>\n\n\n\n<div class=\"wp-block-button\"><a class=\"wp-block-button__link wp-element-button\" href=\"https:\/\/asbuiltcheck.com\/de\/asbuiltcheck-fur-versorgungsunternehmen\/\">F\u00fcr Versorgungsunternehmen <\/a><\/div>\n<\/div>\n<\/div>\n<\/div>\n\n\n\n<div class=\"wp-block-column is-vertically-aligned-stretch is-style-default is-layout-flow wp-block-column-is-layout-flow\">\n<figure class=\"wp-block-image aligncenter size-full is-resized is-style-default wp-duotone-unset-1\"><img data-recalc-dims=\"1\" loading=\"lazy\" decoding=\"async\" width=\"3333\" height=\"2500\" data-attachment-id=\"60\" data-permalink=\"https:\/\/asbuiltcheck.com\/de\/startseite\/qaqc-dingske-met-pc-copy-3\/\" data-orig-file=\"https:\/\/i0.wp.com\/asbuiltcheck.com\/wp-content\/uploads\/2025\/04\/qaqc-dingske-met-pc-copy-2.png?fit=3333%2C2500&amp;ssl=1\" data-orig-size=\"3333,2500\" data-comments-opened=\"1\" data-image-meta=\"{&quot;aperture&quot;:&quot;0&quot;,&quot;credit&quot;:&quot;&quot;,&quot;camera&quot;:&quot;&quot;,&quot;caption&quot;:&quot;&quot;,&quot;created_timestamp&quot;:&quot;0&quot;,&quot;copyright&quot;:&quot;&quot;,&quot;focal_length&quot;:&quot;0&quot;,&quot;iso&quot;:&quot;0&quot;,&quot;shutter_speed&quot;:&quot;0&quot;,&quot;title&quot;:&quot;&quot;,&quot;orientation&quot;:&quot;0&quot;}\" data-image-title=\"QAQC Dingske met PC copy\" data-image-description=\"\" data-image-caption=\"\" data-large-file=\"https:\/\/i0.wp.com\/asbuiltcheck.com\/wp-content\/uploads\/2025\/04\/qaqc-dingske-met-pc-copy-2.png?fit=1024%2C768&amp;ssl=1\" src=\"https:\/\/i0.wp.com\/asbuiltcheck.com\/wp-content\/uploads\/2025\/04\/qaqc-dingske-met-pc-copy-2.png?resize=3333%2C2500&#038;ssl=1\" alt=\"\" class=\"wp-image-60\" style=\"aspect-ratio:1;object-fit:cover;width:539px;height:auto\"\/><\/figure>\n<\/div>\n<\/div>\n<\/div>\n\n\n\n<div class=\"wp-block-group alignfull is-style-section-2 has-global-padding is-content-justification-center is-layout-constrained wp-block-group-is-layout-constrained is-style-section-2--2\" id=\"about-section\" style=\"margin-top:0;margin-bottom:0;padding-top:var(--wp--preset--spacing--40);padding-bottom:var(--wp--preset--spacing--40)\">\n<div class=\"wp-block-columns alignwide is-layout-flex wp-container-core-columns-is-layout-a2e1813e wp-block-columns-is-layout-flex\">\n<div class=\"wp-block-column is-vertically-aligned-top is-layout-flow wp-block-column-is-layout-flow\">\n<h2 class=\"wp-block-heading alignwide has-text-align-center\">\u00dcber unsere Berichterstattung \u00fcber Versorgungsdaten<\/h2>\n\n\n\n<p class=\"has-text-align-center wp-block-paragraph\">AsBuiltCheck.com ist die erste und f\u00fchrende unabh\u00e4ngige, cloudbasierte Plattform zur \u00dcberpr\u00fcfung der Genauigkeit von Bestandsdaten im Untergrund. AsBuiltCheck.com ist rund um die Uhr in Betrieb und meldet die Zuverl\u00e4ssigkeit von Bestandsdaten am n\u00e4chsten Tag, unabh\u00e4ngig davon, wo auf der Welt sie generiert werden.<\/p>\n\n\n\n<div style=\"height:27px\" aria-hidden=\"true\" class=\"wp-block-spacer\"><\/div>\n\n\n\n<div class=\"wp-block-columns alignwide is-layout-flex wp-container-core-columns-is-layout-46072e6f wp-block-columns-is-layout-flex\">\n<div class=\"wp-block-column is-layout-flow wp-block-column-is-layout-flow\">\n<h3 class=\"wp-block-heading has-medium-font-size\">Wer profitiert <\/h3>\n\n\n\n<div class=\"wp-block-group has-global-padding is-layout-constrained wp-block-group-is-layout-constrained\">\n<ul class=\"wp-block-list\">\n<li>Genehmigungsbeh\u00f6rden wie z. B. Gemeinden.<\/li>\n\n\n\n<li>Spezifische Vorfahrtsbeh\u00f6rden, wie z. B. Eisenbahngesellschaften.<\/li>\n\n\n\n<li>Betreiber von Versorgungseinrichtungen wie Daten, Wasser, Gas und Strom.<\/li>\n<\/ul>\n<\/div>\n<\/div>\n\n\n\n<div class=\"wp-block-column is-layout-flow wp-block-column-is-layout-flow\">\n<h3 class=\"wp-block-heading has-medium-font-size\">Dienstleistungen am n\u00e4chsten Tag<\/h3>\n\n\n\n<ul class=\"wp-block-list\">\n<li>\u00dcberpr\u00fcfung der Zuverl\u00e4ssigkeit der Messung<\/li>\n\n\n\n<li>\u00dcberpr\u00fcfung des Ist-Zustandes im Vergleich zum Soll-Zustand<\/li>\n\n\n\n<li>Pr\u00fcfung des Biegeradius <\/li>\n\n\n\n<li>Neigungskontrolle<\/li>\n<\/ul>\n<\/div>\n\n\n\n<div class=\"wp-block-column is-layout-flow wp-block-column-is-layout-flow\">\n<h3 class=\"wp-block-heading has-medium-font-size\">Plattform-Kompatibilit\u00e4t <\/h3>\n\n\n\n<p class=\"wp-block-paragraph\">Die AsBuiltCheck.com-Plattform ist mit einer Reihe von bestehenden Kreiselkartierungssystemen und -l\u00f6sungen kompatibel, z. B: <\/p>\n\n\n\n<ul class=\"wp-block-list\">\n<li>DuctRunner (Reduct)<\/li>\n\n\n\n<li>AMP (CUES\/SPX)<\/li>\n\n\n\n<li>Gyrotrack (Prime Horizontal) <\/li>\n<\/ul>\n<\/div>\n<\/div>\n<\/div>\n<\/div>\n<\/div>\n\n\n\n<div class=\"wp-block-columns alignwide are-vertically-aligned-center is-layout-flex wp-container-core-columns-is-layout-3b811c60 wp-block-columns-is-layout-flex\">\n<div class=\"wp-block-column is-vertically-aligned-center has-global-padding is-content-justification-left is-layout-constrained wp-container-core-column-is-layout-a580ebe5 wp-block-column-is-layout-constrained\">\n<h3 class=\"wp-block-heading alignfull has-large-font-size\">Schlie\u00dfen Sie sich unserer Revolution an <\/h3>\n\n\n\n<p class=\"wp-block-paragraph\">Sind Sie ein OEM und m\u00f6chten Sie sich der AsBuiltCheck.com-Plattform anschlie\u00dfen? Kontaktieren Sie uns und erkunden Sie die M\u00f6glichkeiten. <\/p>\n\n\n\n<div class=\"wp-block-buttons is-layout-flex wp-block-buttons-is-layout-flex\">\n<div class=\"wp-block-button is-style-fill\"><a class=\"wp-block-button__link wp-element-button\" href=\"https:\/\/asbuiltcheck.com\/de\/sich-melden\/\">Ich will mitmachen!<\/a><\/div>\n<\/div>\n<\/div>\n\n\n\n<div class=\"wp-block-column is-vertically-aligned-center is-layout-flow wp-block-column-is-layout-flow\">\n<figure class=\"wp-block-image aligncenter size-full\"><img data-recalc-dims=\"1\" loading=\"lazy\" decoding=\"async\" width=\"1792\" height=\"1024\" data-attachment-id=\"99\" data-permalink=\"https:\/\/asbuiltcheck.com\/de\/startseite\/dall%c2%b7e-2025-03-26-10-01-06-a-digital-cross-section-illustration-of-brussels-with-the-atomium-monument-placed-entirely-at-ground-level-accurately-scaled-and-centered-in-the-scen-2\/\" data-orig-file=\"https:\/\/i0.wp.com\/asbuiltcheck.com\/wp-content\/uploads\/2025\/04\/dallc2b7e-2025-03-26-10.01.06-a-digital-cross-section-illustration-of-brussels-with-the-atomium-monument-placed-entirely-at-ground-level-accurately-scaled-and-centered-in-the-scen-1.webp?fit=1792%2C1024&amp;ssl=1\" data-orig-size=\"1792,1024\" data-comments-opened=\"1\" data-image-meta=\"{&quot;aperture&quot;:&quot;0&quot;,&quot;credit&quot;:&quot;&quot;,&quot;camera&quot;:&quot;&quot;,&quot;caption&quot;:&quot;&quot;,&quot;created_timestamp&quot;:&quot;0&quot;,&quot;copyright&quot;:&quot;&quot;,&quot;focal_length&quot;:&quot;0&quot;,&quot;iso&quot;:&quot;0&quot;,&quot;shutter_speed&quot;:&quot;0&quot;,&quot;title&quot;:&quot;&quot;,&quot;orientation&quot;:&quot;0&quot;}\" data-image-title=\"DALL\u00b7E 2025-03-26 10.01.06 &amp;#8211; A digital cross-section illustration of Brussels with the Atomium monument placed entirely at ground level, accurately scaled and centered in the scen\" data-image-description=\"\" data-image-caption=\"\" data-large-file=\"https:\/\/i0.wp.com\/asbuiltcheck.com\/wp-content\/uploads\/2025\/04\/dallc2b7e-2025-03-26-10.01.06-a-digital-cross-section-illustration-of-brussels-with-the-atomium-monument-placed-entirely-at-ground-level-accurately-scaled-and-centered-in-the-scen-1.webp?fit=1024%2C585&amp;ssl=1\" src=\"https:\/\/i0.wp.com\/asbuiltcheck.com\/wp-content\/uploads\/2025\/04\/dallc2b7e-2025-03-26-10.01.06-a-digital-cross-section-illustration-of-brussels-with-the-atomium-monument-placed-entirely-at-ground-level-accurately-scaled-and-centered-in-the-scen-1.webp?resize=1792%2C1024&#038;ssl=1\" alt=\"\" class=\"wp-image-99\" style=\"aspect-ratio:1;object-fit:cover\"\/><\/figure>\n<\/div>\n<\/div>\n\n\n\n<div class=\"wp-block-group alignfull is-style-section-2 has-global-padding is-content-justification-center is-layout-constrained wp-container-core-group-is-layout-7b982284 wp-block-group-is-layout-constrained is-style-section-2--3\" id=\"services-section\" style=\"margin-top:0;margin-bottom:0;padding-top:var(--wp--preset--spacing--50);padding-bottom:var(--wp--preset--spacing--50)\">\n<h2 class=\"wp-block-heading alignwide wp-container-content-958eb9dc\">Dienstleistungen<\/h2>\n\n\n\n<div class=\"wp-block-group alignwide is-layout-flow wp-block-group-is-layout-flow\" style=\"margin-top:0;margin-bottom:0\">\n<div class=\"wp-block-group alignwide is-layout-flow wp-block-group-is-layout-flow\">\n<div style=\"height:23px\" aria-hidden=\"true\" class=\"wp-block-spacer\"><\/div>\n\n\n\n<div class=\"wp-block-columns alignwide is-layout-flex wp-container-core-columns-is-layout-414b2343 wp-block-columns-is-layout-flex\">\n<div class=\"wp-block-column is-layout-flow wp-container-core-column-is-layout-f96db3f4 wp-block-column-is-layout-flow\">\n<div class=\"wp-block-group is-vertical is-content-justification-left is-layout-flex wp-container-core-group-is-layout-a5510799 wp-block-group-is-layout-flex\">\n<figure class=\"wp-block-image size-large wp-duotone-unset-4\"><img data-recalc-dims=\"1\" loading=\"lazy\" decoding=\"async\" width=\"1126\" height=\"1281\" data-attachment-id=\"82\" data-permalink=\"https:\/\/asbuiltcheck.com\/de\/startseite\/anhang\/165\/\" data-orig-file=\"https:\/\/i0.wp.com\/asbuiltcheck.com\/wp-content\/uploads\/2025\/04\/165.png?fit=1126%2C1281&amp;ssl=1\" data-orig-size=\"1126,1281\" data-comments-opened=\"1\" data-image-meta=\"{&quot;aperture&quot;:&quot;0&quot;,&quot;credit&quot;:&quot;&quot;,&quot;camera&quot;:&quot;&quot;,&quot;caption&quot;:&quot;&quot;,&quot;created_timestamp&quot;:&quot;0&quot;,&quot;copyright&quot;:&quot;&quot;,&quot;focal_length&quot;:&quot;0&quot;,&quot;iso&quot;:&quot;0&quot;,&quot;shutter_speed&quot;:&quot;0&quot;,&quot;title&quot;:&quot;&quot;,&quot;orientation&quot;:&quot;0&quot;}\" data-image-title=\"165\" data-image-description=\"\" data-image-caption=\"\" data-large-file=\"https:\/\/i0.wp.com\/asbuiltcheck.com\/wp-content\/uploads\/2025\/04\/165.png?fit=900%2C1024&amp;ssl=1\" src=\"https:\/\/i0.wp.com\/asbuiltcheck.com\/wp-content\/uploads\/2025\/04\/165.png?resize=1126%2C1281&#038;ssl=1\" alt=\"\" class=\"wp-image-82\" style=\"aspect-ratio:4\/3;object-fit:cover\"\/><\/figure>\n\n\n\n<div class=\"wp-block-group is-vertical is-nowrap is-layout-flex wp-container-core-group-is-layout-9a4b627b wp-block-group-is-layout-flex\">\n<h3 class=\"wp-block-heading is-service-name\">F\u00fcr Gemeinden<\/h3>\n\n\n\n<p class=\"is-service-description wp-block-paragraph\">Nutzen Sie fortschrittliche Gyro-Mapping-Techniken f\u00fcr die pr\u00e4zise Kartierung unterirdischer Versorgungseinrichtungen.<\/p>\n\n\n\n<div class=\"wp-block-buttons is-layout-flex wp-block-buttons-is-layout-flex\">\n<div class=\"wp-block-button is-service-link\"><a class=\"wp-block-button__link wp-element-button\" href=\"https:\/\/asbuiltcheck.com\/de\/asbuiltcheck-fur-gemeinden\/\">Mehr erfahren<\/a><\/div>\n<\/div>\n<\/div>\n<\/div>\n<\/div>\n\n\n\n<div class=\"wp-block-column is-layout-flow wp-container-core-column-is-layout-f96db3f4 wp-block-column-is-layout-flow\">\n<div class=\"wp-block-group is-vertical is-layout-flex wp-container-core-group-is-layout-72c2790a wp-block-group-is-layout-flex\">\n<figure class=\"wp-block-image size-large wp-duotone-unset-5\"><img data-recalc-dims=\"1\" loading=\"lazy\" decoding=\"async\" width=\"2476\" height=\"2708\" data-attachment-id=\"86\" data-permalink=\"https:\/\/asbuiltcheck.com\/de\/startseite\/bild1-3\/\" data-orig-file=\"https:\/\/i0.wp.com\/asbuiltcheck.com\/wp-content\/uploads\/2025\/04\/picture1-2.png?fit=2476%2C2708&amp;ssl=1\" data-orig-size=\"2476,2708\" data-comments-opened=\"1\" data-image-meta=\"{&quot;aperture&quot;:&quot;0&quot;,&quot;credit&quot;:&quot;&quot;,&quot;camera&quot;:&quot;&quot;,&quot;caption&quot;:&quot;&quot;,&quot;created_timestamp&quot;:&quot;0&quot;,&quot;copyright&quot;:&quot;&quot;,&quot;focal_length&quot;:&quot;0&quot;,&quot;iso&quot;:&quot;0&quot;,&quot;shutter_speed&quot;:&quot;0&quot;,&quot;title&quot;:&quot;&quot;,&quot;orientation&quot;:&quot;0&quot;}\" data-image-title=\"Picture1\" data-image-description=\"\" data-image-caption=\"\" data-large-file=\"https:\/\/i0.wp.com\/asbuiltcheck.com\/wp-content\/uploads\/2025\/04\/picture1-2.png?fit=936%2C1024&amp;ssl=1\" src=\"https:\/\/i0.wp.com\/asbuiltcheck.com\/wp-content\/uploads\/2025\/04\/picture1-2.png?resize=2476%2C2708&#038;ssl=1\" alt=\"\" class=\"wp-image-86\" style=\"aspect-ratio:4\/3;object-fit:cover\"\/><\/figure>\n\n\n\n<div class=\"wp-block-group is-vertical is-nowrap is-layout-flex wp-container-core-group-is-layout-9a4b627b wp-block-group-is-layout-flex\">\n<h3 class=\"wp-block-heading is-service-name\">F\u00fcr Versorgungsunternehmen<\/h3>\n\n\n\n<p class=\"is-service-description wp-block-paragraph\">Analysieren Sie unterirdische Versorgungsdaten, um deren Genauigkeit und Zuverl\u00e4ssigkeit zu gew\u00e4hrleisten.<\/p>\n\n\n\n<div class=\"wp-block-buttons is-layout-flex wp-block-buttons-is-layout-flex\">\n<div class=\"wp-block-button is-service-link\"><a class=\"wp-block-button__link wp-element-button\" href=\"https:\/\/asbuiltcheck.com\/de\/asbuiltcheck-fur-versorgungsunternehmen\/\">Mehr erfahren<\/a><\/div>\n<\/div>\n<\/div>\n<\/div>\n<\/div>\n<\/div>\n<\/div>\n<\/div>\n<\/div>\n\n\n\n<p class=\"wp-block-paragraph\"><\/p>","protected":false},"excerpt":{"rendered":"<p>Reliable Utility Data AsBuiltCheck.com provides next -day&nbsp;Quality Assessment and Control&nbsp;reports of utility mapping data About our utility data reporting AsBuiltCheck.com is the first and leading independent cloud-based sub-surface as-built data accuracy verification platform. AsBuiltCheck.com operates 24\/7 and reports the reliability of as-built data on a next-day basis, regardless of where in the world they are [&hellip;]<\/p>\n","protected":false},"author":264165441,"featured_media":0,"parent":0,"menu_order":0,"comment_status":"closed","ping_status":"closed","template":"","meta":{"_crdt_document":"","advanced_seo_description":"","jetpack_seo_html_title":"","jetpack_seo_noindex":false,"jetpack_post_was_ever_published":false,"footnotes":"","big_sky_generated":false},"class_list":["post-3","page","type-page","status-publish","hentry"],"jetpack_likes_enabled":true,"jetpack_sharing_enabled":true,"jetpack_shortlink":"https:\/\/wp.me\/PgseE0-3","jetpack-related-posts":[],"_links":{"self":[{"href":"https:\/\/asbuiltcheck.com\/de\/wp-json\/wp\/v2\/pages\/3","targetHints":{"allow":["GET"]}}],"collection":[{"href":"https:\/\/asbuiltcheck.com\/de\/wp-json\/wp\/v2\/pages"}],"about":[{"href":"https:\/\/asbuiltcheck.com\/de\/wp-json\/wp\/v2\/types\/page"}],"author":[{"embeddable":true,"href":"https:\/\/asbuiltcheck.com\/de\/wp-json\/wp\/v2\/users\/264165441"}],"replies":[{"embeddable":true,"href":"https:\/\/asbuiltcheck.com\/de\/wp-json\/wp\/v2\/comments?post=3"}],"version-history":[{"count":34,"href":"https:\/\/asbuiltcheck.com\/de\/wp-json\/wp\/v2\/pages\/3\/revisions"}],"predecessor-version":[{"id":239,"href":"https:\/\/asbuiltcheck.com\/de\/wp-json\/wp\/v2\/pages\/3\/revisions\/239"}],"wp:attachment":[{"href":"https:\/\/asbuiltcheck.com\/de\/wp-json\/wp\/v2\/media?parent=3"}],"curies":[{"name":"wp","href":"https:\/\/api.w.org\/{rel}","templated":true}]}}