{"id":3,"date":"2025-04-01T10:31:23","date_gmt":"2025-04-01T08:31:23","guid":{"rendered":"https:\/\/asbuiltcheck.com\/home\/"},"modified":"2025-05-16T14:09:21","modified_gmt":"2025-05-16T12:09:21","slug":"domicile","status":"publish","type":"page","link":"https:\/\/asbuiltcheck.com\/fr\/","title":{"rendered":"Accueil"},"content":{"rendered":"<div class=\"wp-block-group alignfull is-style-section-default has-global-padding is-content-justification-center is-layout-constrained wp-container-core-group-is-layout-78c35d76 wp-block-group-is-layout-constrained\" id=\"intro-section\" style=\"margin-top:0;margin-bottom:0;padding-top:var(--wp--preset--spacing--50);padding-bottom:var(--wp--preset--spacing--50)\">\n<div class=\"wp-block-columns alignwide is-layout-flex wp-container-core-columns-is-layout-a2e1813e wp-block-columns-is-layout-flex\">\n<div class=\"wp-block-column is-vertically-aligned-center is-layout-flow wp-block-column-is-layout-flow\">\n<div class=\"wp-block-group alignwide has-global-padding is-content-justification-left is-layout-constrained wp-container-core-group-is-layout-99f3e915 wp-block-group-is-layout-constrained\">\n<h2 class=\"wp-block-heading\">Des donn\u00e9es fiables sur les services publics<\/h2>\n\n\n\n<div class=\"wp-block-group is-nowrap is-layout-flex wp-container-core-group-is-layout-930d3512 wp-block-group-is-layout-flex\">\n<p class=\"wp-block-paragraph\">AsBuiltCheck.com fournit <mark style=\"background-color:rgba(0, 0, 0, 0)\" class=\"has-inline-color has-theme-4-color\"><strong>jour suivant<\/strong>&nbsp;<strong>\u00c9valuation et contr\u00f4le de la qualit\u00e9<\/strong><\/mark><strong><em>&nbsp;<\/em><\/strong>rapports sur les donn\u00e9es cartographiques des services publics<\/p>\n<\/div>\n\n\n\n<div class=\"wp-block-buttons is-layout-flex wp-block-buttons-is-layout-flex\">\n<div class=\"wp-block-button\"><a class=\"wp-block-button__link wp-element-button\" href=\"https:\/\/asbuiltcheck.com\/fr\/comme-le-controle-de-lexecution-pour-les-municipalites\/\">Pour les municipalit\u00e9s <\/a><\/div>\n\n\n\n<div class=\"wp-block-button\"><a class=\"wp-block-button__link wp-element-button\" href=\"https:\/\/asbuiltcheck.com\/fr\/controle-des-services-publics-comme-prevu\/\">Pour les utilitaires <\/a><\/div>\n<\/div>\n<\/div>\n<\/div>\n\n\n\n<div class=\"wp-block-column is-vertically-aligned-stretch is-style-default is-layout-flow wp-block-column-is-layout-flow\">\n<figure class=\"wp-block-image aligncenter size-full is-resized is-style-default wp-duotone-unset-1\"><img data-recalc-dims=\"1\" loading=\"lazy\" decoding=\"async\" width=\"3333\" height=\"2500\" data-attachment-id=\"60\" data-permalink=\"https:\/\/asbuiltcheck.com\/fr\/domicile\/qaqc-dingske-met-pc-copy-3\/\" data-orig-file=\"https:\/\/i0.wp.com\/asbuiltcheck.com\/wp-content\/uploads\/2025\/04\/qaqc-dingske-met-pc-copy-2.png?fit=3333%2C2500&amp;ssl=1\" data-orig-size=\"3333,2500\" data-comments-opened=\"1\" data-image-meta=\"{&quot;aperture&quot;:&quot;0&quot;,&quot;credit&quot;:&quot;&quot;,&quot;camera&quot;:&quot;&quot;,&quot;caption&quot;:&quot;&quot;,&quot;created_timestamp&quot;:&quot;0&quot;,&quot;copyright&quot;:&quot;&quot;,&quot;focal_length&quot;:&quot;0&quot;,&quot;iso&quot;:&quot;0&quot;,&quot;shutter_speed&quot;:&quot;0&quot;,&quot;title&quot;:&quot;&quot;,&quot;orientation&quot;:&quot;0&quot;}\" data-image-title=\"QAQC Dingske met PC copy\" data-image-description=\"\" data-image-caption=\"\" data-medium-file=\"https:\/\/i0.wp.com\/asbuiltcheck.com\/wp-content\/uploads\/2025\/04\/qaqc-dingske-met-pc-copy-2.png?fit=300%2C225&amp;ssl=1\" data-large-file=\"https:\/\/i0.wp.com\/asbuiltcheck.com\/wp-content\/uploads\/2025\/04\/qaqc-dingske-met-pc-copy-2.png?fit=1024%2C768&amp;ssl=1\" src=\"https:\/\/i0.wp.com\/asbuiltcheck.com\/wp-content\/uploads\/2025\/04\/qaqc-dingske-met-pc-copy-2.png?resize=3333%2C2500&#038;ssl=1\" alt=\"\" class=\"wp-image-60\" style=\"aspect-ratio:1;object-fit:cover;width:539px;height:auto\"\/><\/figure>\n<\/div>\n<\/div>\n<\/div>\n\n\n\n<div class=\"wp-block-group alignfull is-style-section-2 has-global-padding is-content-justification-center is-layout-constrained wp-block-group-is-layout-constrained is-style-section-2--2\" id=\"about-section\" style=\"margin-top:0;margin-bottom:0;padding-top:var(--wp--preset--spacing--40);padding-bottom:var(--wp--preset--spacing--40)\">\n<div class=\"wp-block-columns alignwide is-layout-flex wp-container-core-columns-is-layout-a2e1813e wp-block-columns-is-layout-flex\">\n<div class=\"wp-block-column is-vertically-aligned-top is-layout-flow wp-block-column-is-layout-flow\">\n<h2 class=\"wp-block-heading alignwide has-text-align-center\">\u00c0 propos de nos rapports sur les donn\u00e9es des services publics<\/h2>\n\n\n\n<p class=\"has-text-align-center wp-block-paragraph\">AsBuiltCheck.com est la premi\u00e8re et principale plateforme ind\u00e9pendante de v\u00e9rification de l'exactitude des donn\u00e9es as-built sous la surface, bas\u00e9e sur le cloud. AsBuiltCheck.com fonctionne 24 heures sur 24, 7 jours sur 7, et rend compte de la fiabilit\u00e9 des donn\u00e9es conformes \u00e0 l'ex\u00e9cution le jour suivant, quel que soit l'endroit du monde o\u00f9 elles ont \u00e9t\u00e9 g\u00e9n\u00e9r\u00e9es.<\/p>\n\n\n\n<div style=\"height:27px\" aria-hidden=\"true\" class=\"wp-block-spacer\"><\/div>\n\n\n\n<div class=\"wp-block-columns alignwide is-layout-flex wp-container-core-columns-is-layout-46072e6f wp-block-columns-is-layout-flex\">\n<div class=\"wp-block-column is-layout-flow wp-block-column-is-layout-flow\">\n<h3 class=\"wp-block-heading has-medium-font-size\">Qui en b\u00e9n\u00e9ficie ? <\/h3>\n\n\n\n<div class=\"wp-block-group has-global-padding is-layout-constrained wp-block-group-is-layout-constrained\">\n<ul class=\"wp-block-list\">\n<li>Les autorit\u00e9s charg\u00e9es de d\u00e9livrer les permis, telles que les municipalit\u00e9s.<\/li>\n\n\n\n<li>Les autorit\u00e9s charg\u00e9es des droits de passage sp\u00e9cifiques, telles que les chemins de fer.<\/li>\n\n\n\n<li>Les op\u00e9rateurs de services publics, tels que les services de donn\u00e9es, d'eau, de gaz et d'\u00e9lectricit\u00e9.<\/li>\n<\/ul>\n<\/div>\n<\/div>\n\n\n\n<div class=\"wp-block-column is-layout-flow wp-block-column-is-layout-flow\">\n<h3 class=\"wp-block-heading has-medium-font-size\">Services le lendemain<\/h3>\n\n\n\n<ul class=\"wp-block-list\">\n<li>Contr\u00f4le de la fiabilit\u00e9 des mesures<\/li>\n\n\n\n<li>V\u00e9rification de la planification par rapport \u00e0 l'ex\u00e9cution<\/li>\n\n\n\n<li>V\u00e9rification du rayon de courbure <\/li>\n\n\n\n<li>Contr\u00f4le de l'inclinaison<\/li>\n<\/ul>\n<\/div>\n\n\n\n<div class=\"wp-block-column is-layout-flow wp-block-column-is-layout-flow\">\n<h3 class=\"wp-block-heading has-medium-font-size\">Compatibilit\u00e9 des plateformes <\/h3>\n\n\n\n<p class=\"wp-block-paragraph\">La plateforme AsBuiltCheck.com est compatible avec une s\u00e9rie de syst\u00e8mes et de solutions de cartographie gyroscopique existants, tels que <\/p>\n\n\n\n<ul class=\"wp-block-list\">\n<li>DuctRunner (Reduct)<\/li>\n\n\n\n<li>AMP (CUES\/SPX)<\/li>\n\n\n\n<li>Gyrotrack (Prime Horizontal) <\/li>\n<\/ul>\n<\/div>\n<\/div>\n<\/div>\n<\/div>\n<\/div>\n\n\n\n<div class=\"wp-block-columns alignwide are-vertically-aligned-center is-layout-flex wp-container-core-columns-is-layout-3b811c60 wp-block-columns-is-layout-flex\">\n<div class=\"wp-block-column is-vertically-aligned-center has-global-padding is-content-justification-left is-layout-constrained wp-container-core-column-is-layout-a580ebe5 wp-block-column-is-layout-constrained\">\n<h3 class=\"wp-block-heading alignfull has-large-font-size\">Rejoignez notre r\u00e9volution <\/h3>\n\n\n\n<p class=\"wp-block-paragraph\">Vous \u00eates un OEM et vous souhaitez rejoindre la plateforme AsBuiltCheck.com ? Contactez-nous et \u00e9tudiez les possibilit\u00e9s. <\/p>\n\n\n\n<div class=\"wp-block-buttons is-layout-flex wp-block-buttons-is-layout-flex\">\n<div class=\"wp-block-button is-style-fill\"><a class=\"wp-block-button__link wp-element-button\" href=\"https:\/\/asbuiltcheck.com\/fr\/prendre-contact\/\">Je veux m'inscrire !<\/a><\/div>\n<\/div>\n<\/div>\n\n\n\n<div class=\"wp-block-column is-vertically-aligned-center is-layout-flow wp-block-column-is-layout-flow\">\n<figure class=\"wp-block-image aligncenter size-full\"><img data-recalc-dims=\"1\" loading=\"lazy\" decoding=\"async\" width=\"1792\" height=\"1024\" data-attachment-id=\"99\" data-permalink=\"https:\/\/asbuiltcheck.com\/fr\/domicile\/dall%c2%b7e-2025-03-26-10-01-06-a-digital-cross-section-illustration-of-brussels-with-the-atomium-monument-placed-entirely-at-ground-level-accurately-scaled-and-centered-in-the-scen-2\/\" data-orig-file=\"https:\/\/i0.wp.com\/asbuiltcheck.com\/wp-content\/uploads\/2025\/04\/dallc2b7e-2025-03-26-10.01.06-a-digital-cross-section-illustration-of-brussels-with-the-atomium-monument-placed-entirely-at-ground-level-accurately-scaled-and-centered-in-the-scen-1.webp?fit=1792%2C1024&amp;ssl=1\" data-orig-size=\"1792,1024\" data-comments-opened=\"1\" data-image-meta=\"{&quot;aperture&quot;:&quot;0&quot;,&quot;credit&quot;:&quot;&quot;,&quot;camera&quot;:&quot;&quot;,&quot;caption&quot;:&quot;&quot;,&quot;created_timestamp&quot;:&quot;0&quot;,&quot;copyright&quot;:&quot;&quot;,&quot;focal_length&quot;:&quot;0&quot;,&quot;iso&quot;:&quot;0&quot;,&quot;shutter_speed&quot;:&quot;0&quot;,&quot;title&quot;:&quot;&quot;,&quot;orientation&quot;:&quot;0&quot;}\" data-image-title=\"DALL\u00b7E 2025-03-26 10.01.06 &amp;#8211; A digital cross-section illustration of Brussels with the Atomium monument placed entirely at ground level, accurately scaled and centered in the scen\" data-image-description=\"\" data-image-caption=\"\" data-medium-file=\"https:\/\/i0.wp.com\/asbuiltcheck.com\/wp-content\/uploads\/2025\/04\/dallc2b7e-2025-03-26-10.01.06-a-digital-cross-section-illustration-of-brussels-with-the-atomium-monument-placed-entirely-at-ground-level-accurately-scaled-and-centered-in-the-scen-1.webp?fit=300%2C171&amp;ssl=1\" data-large-file=\"https:\/\/i0.wp.com\/asbuiltcheck.com\/wp-content\/uploads\/2025\/04\/dallc2b7e-2025-03-26-10.01.06-a-digital-cross-section-illustration-of-brussels-with-the-atomium-monument-placed-entirely-at-ground-level-accurately-scaled-and-centered-in-the-scen-1.webp?fit=1024%2C585&amp;ssl=1\" src=\"https:\/\/i0.wp.com\/asbuiltcheck.com\/wp-content\/uploads\/2025\/04\/dallc2b7e-2025-03-26-10.01.06-a-digital-cross-section-illustration-of-brussels-with-the-atomium-monument-placed-entirely-at-ground-level-accurately-scaled-and-centered-in-the-scen-1.webp?resize=1792%2C1024&#038;ssl=1\" alt=\"\" class=\"wp-image-99\" style=\"aspect-ratio:1;object-fit:cover\"\/><\/figure>\n<\/div>\n<\/div>\n\n\n\n<div class=\"wp-block-group alignfull is-style-section-2 has-global-padding is-content-justification-center is-layout-constrained wp-container-core-group-is-layout-7b982284 wp-block-group-is-layout-constrained is-style-section-2--3\" id=\"services-section\" style=\"margin-top:0;margin-bottom:0;padding-top:var(--wp--preset--spacing--50);padding-bottom:var(--wp--preset--spacing--50)\">\n<h2 class=\"wp-block-heading alignwide wp-container-content-958eb9dc\">Services<\/h2>\n\n\n\n<div class=\"wp-block-group alignwide is-layout-flow wp-block-group-is-layout-flow\" style=\"margin-top:0;margin-bottom:0\">\n<div class=\"wp-block-group alignwide is-layout-flow wp-block-group-is-layout-flow\">\n<div style=\"height:23px\" aria-hidden=\"true\" class=\"wp-block-spacer\"><\/div>\n\n\n\n<div class=\"wp-block-columns alignwide is-layout-flex wp-container-core-columns-is-layout-414b2343 wp-block-columns-is-layout-flex\">\n<div class=\"wp-block-column is-layout-flow wp-container-core-column-is-layout-f96db3f4 wp-block-column-is-layout-flow\">\n<div class=\"wp-block-group is-vertical is-content-justification-left is-layout-flex wp-container-core-group-is-layout-a5510799 wp-block-group-is-layout-flex\">\n<figure class=\"wp-block-image size-large wp-duotone-unset-4\"><img data-recalc-dims=\"1\" loading=\"lazy\" decoding=\"async\" width=\"1126\" height=\"1281\" data-attachment-id=\"82\" data-permalink=\"https:\/\/asbuiltcheck.com\/fr\/domicile\/attachement\/165\/\" data-orig-file=\"https:\/\/i0.wp.com\/asbuiltcheck.com\/wp-content\/uploads\/2025\/04\/165.png?fit=1126%2C1281&amp;ssl=1\" data-orig-size=\"1126,1281\" data-comments-opened=\"1\" data-image-meta=\"{&quot;aperture&quot;:&quot;0&quot;,&quot;credit&quot;:&quot;&quot;,&quot;camera&quot;:&quot;&quot;,&quot;caption&quot;:&quot;&quot;,&quot;created_timestamp&quot;:&quot;0&quot;,&quot;copyright&quot;:&quot;&quot;,&quot;focal_length&quot;:&quot;0&quot;,&quot;iso&quot;:&quot;0&quot;,&quot;shutter_speed&quot;:&quot;0&quot;,&quot;title&quot;:&quot;&quot;,&quot;orientation&quot;:&quot;0&quot;}\" data-image-title=\"165\" data-image-description=\"\" data-image-caption=\"\" data-medium-file=\"https:\/\/i0.wp.com\/asbuiltcheck.com\/wp-content\/uploads\/2025\/04\/165.png?fit=264%2C300&amp;ssl=1\" data-large-file=\"https:\/\/i0.wp.com\/asbuiltcheck.com\/wp-content\/uploads\/2025\/04\/165.png?fit=900%2C1024&amp;ssl=1\" src=\"https:\/\/i0.wp.com\/asbuiltcheck.com\/wp-content\/uploads\/2025\/04\/165.png?resize=1126%2C1281&#038;ssl=1\" alt=\"\" class=\"wp-image-82\" style=\"aspect-ratio:4\/3;object-fit:cover\"\/><\/figure>\n\n\n\n<div class=\"wp-block-group is-vertical is-nowrap is-layout-flex wp-container-core-group-is-layout-9a4b627b wp-block-group-is-layout-flex\">\n<h3 class=\"wp-block-heading is-service-name\">Pour les municipalit\u00e9s<\/h3>\n\n\n\n<p class=\"is-service-description wp-block-paragraph\">L'utilisation de techniques avanc\u00e9es de cartographie gyroscopique permet de cartographier avec pr\u00e9cision les services publics souterrains.<\/p>\n\n\n\n<div class=\"wp-block-buttons is-layout-flex wp-block-buttons-is-layout-flex\">\n<div class=\"wp-block-button is-service-link\"><a class=\"wp-block-button__link wp-element-button\" href=\"https:\/\/asbuiltcheck.com\/fr\/comme-le-controle-de-lexecution-pour-les-municipalites\/\">En savoir plus<\/a><\/div>\n<\/div>\n<\/div>\n<\/div>\n<\/div>\n\n\n\n<div class=\"wp-block-column is-layout-flow wp-container-core-column-is-layout-f96db3f4 wp-block-column-is-layout-flow\">\n<div class=\"wp-block-group is-vertical is-layout-flex wp-container-core-group-is-layout-72c2790a wp-block-group-is-layout-flex\">\n<figure class=\"wp-block-image size-large wp-duotone-unset-5\"><img data-recalc-dims=\"1\" loading=\"lazy\" decoding=\"async\" width=\"2476\" height=\"2708\" data-attachment-id=\"86\" data-permalink=\"https:\/\/asbuiltcheck.com\/fr\/domicile\/image1-3\/\" data-orig-file=\"https:\/\/i0.wp.com\/asbuiltcheck.com\/wp-content\/uploads\/2025\/04\/picture1-2.png?fit=2476%2C2708&amp;ssl=1\" data-orig-size=\"2476,2708\" data-comments-opened=\"1\" data-image-meta=\"{&quot;aperture&quot;:&quot;0&quot;,&quot;credit&quot;:&quot;&quot;,&quot;camera&quot;:&quot;&quot;,&quot;caption&quot;:&quot;&quot;,&quot;created_timestamp&quot;:&quot;0&quot;,&quot;copyright&quot;:&quot;&quot;,&quot;focal_length&quot;:&quot;0&quot;,&quot;iso&quot;:&quot;0&quot;,&quot;shutter_speed&quot;:&quot;0&quot;,&quot;title&quot;:&quot;&quot;,&quot;orientation&quot;:&quot;0&quot;}\" data-image-title=\"Picture1\" data-image-description=\"\" data-image-caption=\"\" data-medium-file=\"https:\/\/i0.wp.com\/asbuiltcheck.com\/wp-content\/uploads\/2025\/04\/picture1-2.png?fit=274%2C300&amp;ssl=1\" data-large-file=\"https:\/\/i0.wp.com\/asbuiltcheck.com\/wp-content\/uploads\/2025\/04\/picture1-2.png?fit=936%2C1024&amp;ssl=1\" src=\"https:\/\/i0.wp.com\/asbuiltcheck.com\/wp-content\/uploads\/2025\/04\/picture1-2.png?resize=2476%2C2708&#038;ssl=1\" alt=\"\" class=\"wp-image-86\" style=\"aspect-ratio:4\/3;object-fit:cover\"\/><\/figure>\n\n\n\n<div class=\"wp-block-group is-vertical is-nowrap is-layout-flex wp-container-core-group-is-layout-9a4b627b wp-block-group-is-layout-flex\">\n<h3 class=\"wp-block-heading is-service-name\">Pour les utilitaires<\/h3>\n\n\n\n<p class=\"is-service-description wp-block-paragraph\">Analyser les donn\u00e9es relatives aux services publics souterrains pour s'assurer de leur exactitude et de leur fiabilit\u00e9.<\/p>\n\n\n\n<div class=\"wp-block-buttons is-layout-flex wp-block-buttons-is-layout-flex\">\n<div class=\"wp-block-button is-service-link\"><a class=\"wp-block-button__link wp-element-button\" href=\"https:\/\/asbuiltcheck.com\/fr\/controle-des-services-publics-comme-prevu\/\">En savoir plus<\/a><\/div>\n<\/div>\n<\/div>\n<\/div>\n<\/div>\n<\/div>\n<\/div>\n<\/div>\n<\/div>\n\n\n\n<p class=\"wp-block-paragraph\"><\/p>","protected":false},"excerpt":{"rendered":"<p>Reliable Utility Data AsBuiltCheck.com provides next -day&nbsp;Quality Assessment and Control&nbsp;reports of utility mapping data About our utility data reporting AsBuiltCheck.com is the first and leading independent cloud-based sub-surface as-built data accuracy verification platform. AsBuiltCheck.com operates 24\/7 and reports the reliability of as-built data on a next-day basis, regardless of where in the world they are [&hellip;]<\/p>\n","protected":false},"author":264165441,"featured_media":0,"parent":0,"menu_order":0,"comment_status":"closed","ping_status":"closed","template":"","meta":{"_crdt_document":"","advanced_seo_description":"","jetpack_seo_html_title":"","jetpack_seo_noindex":false,"jetpack_post_was_ever_published":false,"footnotes":"","big_sky_generated":false},"class_list":["post-3","page","type-page","status-publish","hentry"],"jetpack_likes_enabled":true,"jetpack_sharing_enabled":true,"jetpack_shortlink":"https:\/\/wp.me\/PgseE0-3","jetpack-related-posts":[],"_links":{"self":[{"href":"https:\/\/asbuiltcheck.com\/fr\/wp-json\/wp\/v2\/pages\/3","targetHints":{"allow":["GET"]}}],"collection":[{"href":"https:\/\/asbuiltcheck.com\/fr\/wp-json\/wp\/v2\/pages"}],"about":[{"href":"https:\/\/asbuiltcheck.com\/fr\/wp-json\/wp\/v2\/types\/page"}],"author":[{"embeddable":true,"href":"https:\/\/asbuiltcheck.com\/fr\/wp-json\/wp\/v2\/users\/264165441"}],"replies":[{"embeddable":true,"href":"https:\/\/asbuiltcheck.com\/fr\/wp-json\/wp\/v2\/comments?post=3"}],"version-history":[{"count":34,"href":"https:\/\/asbuiltcheck.com\/fr\/wp-json\/wp\/v2\/pages\/3\/revisions"}],"predecessor-version":[{"id":239,"href":"https:\/\/asbuiltcheck.com\/fr\/wp-json\/wp\/v2\/pages\/3\/revisions\/239"}],"wp:attachment":[{"href":"https:\/\/asbuiltcheck.com\/fr\/wp-json\/wp\/v2\/media?parent=3"}],"curies":[{"name":"wp","href":"https:\/\/api.w.org\/{rel}","templated":true}]}}